{"id":1277,"date":"2020-01-11T11:30:50","date_gmt":"2020-01-11T11:30:50","guid":{"rendered":"https:\/\/ebikerental.ro\/?page_id=1277"},"modified":"2024-09-09T13:41:53","modified_gmt":"2024-09-09T13:41:53","slug":"gdpr","status":"publish","type":"page","link":"https:\/\/ebikerental.ro\/en\/gdpr\/","title":{"rendered":"GDPR"},"content":{"rendered":"<p>[vc_row][vc_column][vc_column_text]Nume firma: BIOLINE SRL<br \/>\nCUI: RO18068025<br \/>\nAdresa: Sibiu,Str Magheranului,nr.111<\/p>\n<p>Stimate client<\/p>\n<p>\u00cencep\u00e2nd cu data de 25 mai 2018 a devenit aplicabil Regulamentul (EU) 2016\/679 al Parlamentului European \u0219i al Consiliului privind protec\u021bia persoanelor fizice \u00een ceea ce prive\u0219te prelucrarea datelor cu caracter personal \u0219i privind libera circula\u021bie a acestor date \u0219i de abrogare a Directivei 95\/46\/CE, <strong>\u201dRegulamentul\u201d. <\/strong>Prin Legea nr. 190 din 18 iunie 2018, acest Regulament devine aplicabil \u0219i obligatoriu \u0219i \u00een Rom\u00e2nia, fiind abrogat\u0103 totodat\u0103 legea na\u021bional\u0103 care reglementa aceste aspecte (Legea nr. 677\/2001 republicat\u0103.<\/p>\n<p>Regulamentul stabile\u0219te norme menite s\u0103 asigure o protec\u021bie sporit\u0103 datelor cu caracter personal \u00een contextul liberei circula\u021bii a acestor date \u0219i a nevoii de protejare a drepturilor \u0219i libert\u0103\u021bilor fundamentale ale persoanelor fizice.<\/p>\n<p>Scopul acestei inform\u0103ri este cel de a v\u0103 explica modul \u00een care noi BIOLINE SRL asigur\u0103m protec\u021bia datelor cu caracter personal, conform cerin\u021belor Regulamentului.<\/p>\n<p>\u0218tim c\u00e2t de importante sunt pentru tine protec\u021bia datelor cu caracter personal \u0219i asigurarea confiden\u021bialit\u0103\u021bii acestora, \u00een special \u00een contextul unui mediu globalizat, \u00een care interac\u021biunile sunt din ce \u00een ce mai frecvente.<\/p>\n<p>Vrem s\u0103 \u00ee\u021bi furniz\u0103m servicii sigure \u0219i eficiente. De aceea, noi, cei de la BIOLINE SRL \u00een\u021belegem preocup\u0103rile tale \u00een ceea ce prive\u0219te asigurarea securit\u0103\u021bii prelucr\u0103rii datelor tale cu caracter personal \u0219i adoptarea m\u0103surilor tehnice \u0219i organizatorice adecvate contra distrugerii, pierderii, modific\u0103rii, divulg\u0103rii neautorizate a datelor cu caracter personal transmise, stocate sau prelucrate \u00een alt mod sau contra accesului neautorizat la acestea.<\/p>\n<p>Cu stim\u0103<br \/>\nBIOLINE \u00a0SRL<\/p>\n<p>* * *<\/p>\n<p><strong>Care sunt datele cu caracter personal prelucrate de firma noastr\u0103?<\/strong><\/p>\n<p>\u00cen calitate de operator, vom prelucra \u00een principal datele dumneavoastr\u0103 de identificare precum: numele \u0219i prenumele, data \u0219i locul na\u0219terii, adresa de coresponden\u021b\u0103 (inclusiv adresa de po\u0219t\u0103 electronic\u0103) sau alte date cu caracter personal colectate direct de la dumneavoastr\u0103 sau din alte surse atunci c\u00e2nd deveni\u021bi clientul nostru sau c\u00e2nd folosi\u021bi ori beneficia\u021bi de serviciile sau produsele noastre. Mai prelucr\u0103m \u0219i date referitoare la firma dumneavoastr\u0103 cum ar fi: denumirea, CUI, Nr. RC al firmei etc., dar acestea nu cad sub inciden\u021ba Regulamentului.<\/p>\n<p><strong>Cum \u0219i \u00een ce temei prelucr\u0103m date cu caracter personal?<\/strong><\/p>\n<p>Datele dumneavoastr\u0103 cu caractere personal sunt prelucrate pentru ca dumneavoastr\u0103 s\u0103 deveni\u021bi ori s\u0103 r\u0103m\u00e2ne\u021bi clientul nostru (inclusiv prin efectuarea verific\u0103rilor necesare conform legii \u00een scopul prevenirii \u0219i combaterii sp\u0103l\u0103rii banilor) pentru a v\u0103 furniza produse \u0219i servicii, \u00een scop de marketing (doar cu consim\u021b\u0103m\u00e2ntul dumneavoastr\u0103) pentru a \u00een\u021belege nevoile dumneavoastr\u0103 \u00een calitate de client \u0219i pentru \u00eembun\u0103t\u0103\u021birea \u0219i dezvoltarea produselor \u0219i serviciilor noastre, pentru \u00eendeplinirea obliga\u021biilor legale de raportare \u0219i a regulilor pruden\u021biale aplicabile nou\u0103 etc.<\/p>\n<p>Prelucrarea datelor cu caracter personal este \u00eentotdeauna \u00eentemeiat\u0103 fie pe necesitatea execut\u0103rii unui contract \u00eencheiat \u00eentre noi \u0219i dumneavoastr\u0103 \u00een calitate de client, fie pe nevoia \u00eendeplinirii unei obliga\u021bii legale, fie pe interesul nostru legitim sau pentru satisfacerea unui interes public major, fie pe consim\u021b\u0103m\u00e2ntul dumneavoastr\u0103 manifestat \u00een sensul accept\u0103rii sau aprob\u0103rii prelucr\u0103rii.<\/p>\n<p><strong>C\u00e2t timp sunt prelucrate datele cu caracter personal?<\/strong><\/p>\n<p>Firma noastr\u0103 prelucreaz\u0103 datele dumneavoastr\u0103 cu caracter personal pe \u00eentreaga durat\u0103 a rela\u021biei noastre contractuale, dar \u0219i dup\u0103 \u00eencheierea acesteia, pentru o perioad\u0103 impus\u0103 de prevederile legale aplicabile \u00een domeniul nostru de activitate sau stabilit\u0103 conform normelor de prescrip\u021bie.<\/p>\n<p><strong>Cui divulg\u0103m datele cu caracter personal?<\/strong><\/p>\n<p>Pentru c\u0103 dorim s\u0103 v\u0103 oferim servicii \u0219i roduse de cea mai bun\u0103 calitate, dar \u0219i pentru a ne \u00eendeplini obliga\u021biile asumate contractual fa\u021b\u0103 de dumneavoastr\u0103, pentru a ne \u00eendeplini obliga\u021biile legale, dar \u0219i \u00een alte scopuri legitime, este posibil s\u0103 transmitem datele dumneavoastr\u0103 cu caracter personal c\u0103tre destinatari c\u0103tre care am externalizat anumite servicii sau ale c\u0103ror servicii sunt utilizate pentru a \u00eendeplini cele indicate anterior, c\u0103tre autorit\u0103\u021bi publice (inclusiv organe judiciare), birouri notariale, consultan\u021bi externi, alte institu\u021bii financiar-bancare \u0219i alte categorii de destinatari, chiar din afara Spa\u021biului Economic European. \u00cen toate situa\u021biile, ne vom asigura c\u0103 sunt \u00eendeplinite cerin\u021bele legale pentru protejarea \u0219i securitatea datelor dumneavoastr\u0103 cu caracter personal (de exemplu prin impunerea unor clauze contractuale standard).<\/p>\n<p><strong>Care sunt drepturile dumneavoastr\u0103 \u0219i cum pot fi exercitate?<\/strong><\/p>\n<p>Cu excep\u021bia cazului \u00een care legea prevede altfel, ave\u021bi urm\u0103toarele drepturi:<\/p>\n<ul>\n<li><strong>Dreptul la informare <\/strong>&#8211; pute\u021bi solicita informa\u021bii privind activit\u0103\u021bile noastre care presupun prelucrarea datelor dumneavoastr\u0103 cu caracter personal;<\/li>\n<li><strong>Dreptul la rectificare \u2013 <\/strong>pute\u021bi rectifica datele dumneavoastr\u0103 cu caracter personal \u00een cazul \u00een care acestea sunt inexacte sau le pute\u021bi completa;<\/li>\n<li><strong>Dreptul la \u0219tergerea datelor (\u201ddreptul de a fi uitat\u201d)<\/strong> \u2013 pute\u021bi ob\u021bine, f\u0103r\u0103 \u00eent\u00e2rzieri nejustificate, \u0219tergerea datelor dumneavoastr\u0103 cu caracter personal \u00een cazul \u00een care prelucrarea acestora nu a fost legal\u0103 sau \u00een alte cazuri prev\u0103zute de lege;<\/li>\n<li><strong>Dreptul la restric\u021bionarea perlucr\u0103rii<\/strong> \u2013 pute\u021bi solicita restric\u021bionarea prelucr\u0103rii datelor dumneavoastr\u0103 cu caracter personal \u00een cazul \u00een care contesta\u021bi exactitatea datelor, precum \u0219i \u00een alte cazuri prev\u0103zute de lege;<\/li>\n<li><strong>Dreptul de opozi\u021bie<\/strong> \u2013 pute\u021bi s\u0103 v\u0103 opune\u021bi \u00een principal prelucr\u0103rii realizate de noi \u0219i \u00eentemeiate pe interesul nostru legitim;<\/li>\n<li><strong>Dreptul la portabilitatea datelor<\/strong> \u2013 pute\u021bi primi, \u00een anumite condi\u021bii, datele dumneavoastr\u0103 cu caracter personal pe care ni le-a\u021bi furnizat, \u00eentr-un format care poate fi citit automat sau pute\u021bi solicita ca respectivele date s\u0103 fie transmise unui alt operator;<\/li>\n<li><strong>Dreptul de a depune pl\u00e2ngere<\/strong> \u2013 pute\u021bi depune o pl\u00e2ngere fa\u021b\u0103 de modalitatea de prelucrare a datelor dumneavoastr\u0103 cu caracter personal la Autoritatea Na\u021bional\u0103 de Supraveghere a Prelucr\u0103rii Datelor cu Caracter Personal;<\/li>\n<li><strong>Dreptul de retragere a consim\u021b\u0103m\u00e2ntului<\/strong> \u2013 \u00een cazurile \u00een care prelucrarea se \u00eentemeiaz\u0103 pe consim\u021b\u0103m\u00e2ntul dumneavoastr\u0103, acesta poate fi retras oric\u00e2nd; v\u0103 rug\u0103m s\u0103 ave\u021bi \u00een vedere c\u0103 retragerea consim\u021b\u0103m\u00e2ntului va avea efecte doar pentru viitor, prelucr\u0103rile efectuate anterior retragerii consim\u021b\u0103m\u00e2ntului r\u0103m\u00e2n\u00e2nd valabile;<\/li>\n<li><strong>Dreptul de a nu face obiectul unei decizii automate<\/strong> \u2013 pute\u021bi cere \u0219i ob\u021bine interven\u021bia uman\u0103 cu privire la prelucrarea automat\u0103, pute\u021bi exprma propriul punct de vedere cu privire la aceast\u0103 prelucrare \u0219i pute\u021bi contesta decizia astfel luat\u0103.<\/li>\n<\/ul>\n<p>Cu excep\u021bia dreptului de a depune o pl\u00e2ngere la Autoritatea Na\u021bional\u0103 de Supraveghere a Prelucr\u0103rii Datelor cu Caracter Personal, aceste drepturi pot fi exercitate fie individual, fie cumulat, prin transmiterea unei solicit\u0103ri la sediul nostru din Sibiu,str M\u0103gheranului nr 111, sau prin e-mail, la adresa dpo@cvmanagementsib.ro<\/p>\n<p>Pentru orice nel\u0103murire sau \u00eentrebare legat\u0103 de protec\u021bia datelor dumneavoastr\u0103 cu caracter personal, am desemnat un Responsabil cu Protec\u021bia Datelor. Acesta poate fi contactat prin transmiterea unei cereri, utiliz\u00e2nd coordonatele men\u021bionate anterior.<\/p>\n<p><strong>Informa\u021biile complete \u0219i permanent actualizate privind prelucrarea datelor cu caracter personal le pute\u021bi g\u0103si pe website-ul nostru la urm\u0103toarea adres\u0103 www.ebikerental.ro, iar detaliile despre \u201dcookie\u201d-urile utilizate \u00een cadrul website-ului, la adresa dpo@cvmanagementsib.ro<\/strong><\/p>\n<p><strong>Aceasta este o notificare oficial\u0103 a BIOLINE SRL realizat\u0103 \u00een baza obliga\u021biilor legale ce revin firmei noastre \u0219i \u00een conformitate cu prevederile contractuale.<\/strong>[\/vc_column_text][\/vc_column][\/vc_row]<\/p>\n","protected":false},"excerpt":{"rendered":"<p>[vc_row][vc_column][vc_column_text]Nume firma: BIOLINE SRL CUI: RO18068025 Adresa: Sibiu,Str Magheranului,nr.111 Stimate client \u00cencep\u00e2nd cu data de 25 mai 2018 a devenit aplicabil Regulamentul (EU) 2016\/679 al Parlamentului European \u0219i al Consiliului privind protec\u021bia persoanelor fizice \u00een ceea ce prive\u0219te prelucrarea datelor cu caracter personal \u0219i privind libera circula\u021bie a acestor date \u0219i de abrogare a Directivei [&hellip;]<\/p>\n","protected":false},"author":1,"featured_media":0,"parent":0,"menu_order":0,"comment_status":"closed","ping_status":"closed","template":"","meta":[],"yoast_head":"<!-- This site is optimized with the Yoast SEO plugin v19.4 - https:\/\/yoast.com\/wordpress\/plugins\/seo\/ -->\n<title>GDPR &gt; Ebike Rental<\/title>\n<meta name=\"robots\" content=\"index, follow, max-snippet:-1, max-image-preview:large, max-video-preview:-1\" \/>\n<link rel=\"canonical\" href=\"https:\/\/ebikerental.ro\/gdpr\/\" \/>\n<meta property=\"og:locale\" content=\"en_US\" \/>\n<meta property=\"og:type\" content=\"article\" \/>\n<meta property=\"og:title\" content=\"GDPR &gt; Ebike Rental\" \/>\n<meta property=\"og:description\" content=\"[vc_row][vc_column][vc_column_text]Nume firma: BIOLINE SRL CUI: RO18068025 Adresa: Sibiu,Str Magheranului,nr.111 Stimate client \u00cencep\u00e2nd cu data de 25 mai 2018 a devenit aplicabil Regulamentul (EU) 2016\/679 al Parlamentului European \u0219i al Consiliului privind protec\u021bia persoanelor fizice \u00een ceea ce prive\u0219te prelucrarea datelor cu caracter personal \u0219i privind libera circula\u021bie a acestor date \u0219i de abrogare a Directivei [&hellip;]\" \/>\n<meta property=\"og:url\" content=\"https:\/\/ebikerental.ro\/gdpr\/\" \/>\n<meta property=\"og:site_name\" content=\"Ebike Rental\" \/>\n<meta property=\"article:publisher\" content=\"https:\/\/www.facebook.com\/EBikeRomania\/\" \/>\n<meta property=\"article:modified_time\" content=\"2024-09-09T13:41:53+00:00\" \/>\n<meta name=\"twitter:card\" content=\"summary_large_image\" \/>\n<meta name=\"twitter:label1\" content=\"Est. reading time\" \/>\n\t<meta name=\"twitter:data1\" content=\"6 minutes\" \/>\n<script type=\"application\/ld+json\" class=\"yoast-schema-graph\">{\"@context\":\"https:\/\/schema.org\",\"@graph\":[{\"@type\":\"Organization\",\"@id\":\"https:\/\/ebikerental.ro\/#organization\",\"name\":\"Kiwi Pie SRL\",\"url\":\"https:\/\/ebikerental.ro\/\",\"sameAs\":[\"https:\/\/www.facebook.com\/EBikeRomania\/\"],\"logo\":{\"@type\":\"ImageObject\",\"inLanguage\":\"en-US\",\"@id\":\"https:\/\/ebikerental.ro\/#\/schema\/logo\/image\/\",\"url\":\"https:\/\/ebikerental.ro\/wp-content\/uploads\/2019\/12\/ebike-rental-70.png\",\"contentUrl\":\"https:\/\/ebikerental.ro\/wp-content\/uploads\/2019\/12\/ebike-rental-70.png\",\"width\":70,\"height\":70,\"caption\":\"Kiwi Pie SRL\"},\"image\":{\"@id\":\"https:\/\/ebikerental.ro\/#\/schema\/logo\/image\/\"}},{\"@type\":\"WebSite\",\"@id\":\"https:\/\/ebikerental.ro\/#website\",\"url\":\"https:\/\/ebikerental.ro\/\",\"name\":\"Ebike Rental\",\"description\":\"Biciclete electrice\",\"publisher\":{\"@id\":\"https:\/\/ebikerental.ro\/#organization\"},\"potentialAction\":[{\"@type\":\"SearchAction\",\"target\":{\"@type\":\"EntryPoint\",\"urlTemplate\":\"https:\/\/ebikerental.ro\/?s={search_term_string}\"},\"query-input\":\"required name=search_term_string\"}],\"inLanguage\":\"en-US\"},{\"@type\":\"WebPage\",\"@id\":\"https:\/\/ebikerental.ro\/gdpr\/\",\"url\":\"https:\/\/ebikerental.ro\/gdpr\/\",\"name\":\"GDPR &gt; Ebike Rental\",\"isPartOf\":{\"@id\":\"https:\/\/ebikerental.ro\/#website\"},\"datePublished\":\"2020-01-11T11:30:50+00:00\",\"dateModified\":\"2024-09-09T13:41:53+00:00\",\"breadcrumb\":{\"@id\":\"https:\/\/ebikerental.ro\/gdpr\/#breadcrumb\"},\"inLanguage\":\"en-US\",\"potentialAction\":[{\"@type\":\"ReadAction\",\"target\":[\"https:\/\/ebikerental.ro\/gdpr\/\"]}]},{\"@type\":\"BreadcrumbList\",\"@id\":\"https:\/\/ebikerental.ro\/gdpr\/#breadcrumb\",\"itemListElement\":[{\"@type\":\"ListItem\",\"position\":1,\"name\":\"Prima pagin\u0103\",\"item\":\"https:\/\/ebikerental.ro\/\"},{\"@type\":\"ListItem\",\"position\":2,\"name\":\"GDPR\"}]}]}<\/script>\n<!-- \/ Yoast SEO plugin. -->","yoast_head_json":{"title":"GDPR &gt; Ebike Rental","robots":{"index":"index","follow":"follow","max-snippet":"max-snippet:-1","max-image-preview":"max-image-preview:large","max-video-preview":"max-video-preview:-1"},"canonical":"https:\/\/ebikerental.ro\/gdpr\/","og_locale":"en_US","og_type":"article","og_title":"GDPR &gt; Ebike Rental","og_description":"[vc_row][vc_column][vc_column_text]Nume firma: BIOLINE SRL CUI: RO18068025 Adresa: Sibiu,Str Magheranului,nr.111 Stimate client \u00cencep\u00e2nd cu data de 25 mai 2018 a devenit aplicabil Regulamentul (EU) 2016\/679 al Parlamentului European \u0219i al Consiliului privind protec\u021bia persoanelor fizice \u00een ceea ce prive\u0219te prelucrarea datelor cu caracter personal \u0219i privind libera circula\u021bie a acestor date \u0219i de abrogare a Directivei [&hellip;]","og_url":"https:\/\/ebikerental.ro\/gdpr\/","og_site_name":"Ebike Rental","article_publisher":"https:\/\/www.facebook.com\/EBikeRomania\/","article_modified_time":"2024-09-09T13:41:53+00:00","twitter_card":"summary_large_image","twitter_misc":{"Est. reading time":"6 minutes"},"schema":{"@context":"https:\/\/schema.org","@graph":[{"@type":"Organization","@id":"https:\/\/ebikerental.ro\/#organization","name":"Kiwi Pie SRL","url":"https:\/\/ebikerental.ro\/","sameAs":["https:\/\/www.facebook.com\/EBikeRomania\/"],"logo":{"@type":"ImageObject","inLanguage":"en-US","@id":"https:\/\/ebikerental.ro\/#\/schema\/logo\/image\/","url":"https:\/\/ebikerental.ro\/wp-content\/uploads\/2019\/12\/ebike-rental-70.png","contentUrl":"https:\/\/ebikerental.ro\/wp-content\/uploads\/2019\/12\/ebike-rental-70.png","width":70,"height":70,"caption":"Kiwi Pie SRL"},"image":{"@id":"https:\/\/ebikerental.ro\/#\/schema\/logo\/image\/"}},{"@type":"WebSite","@id":"https:\/\/ebikerental.ro\/#website","url":"https:\/\/ebikerental.ro\/","name":"Ebike Rental","description":"Biciclete electrice","publisher":{"@id":"https:\/\/ebikerental.ro\/#organization"},"potentialAction":[{"@type":"SearchAction","target":{"@type":"EntryPoint","urlTemplate":"https:\/\/ebikerental.ro\/?s={search_term_string}"},"query-input":"required name=search_term_string"}],"inLanguage":"en-US"},{"@type":"WebPage","@id":"https:\/\/ebikerental.ro\/gdpr\/","url":"https:\/\/ebikerental.ro\/gdpr\/","name":"GDPR &gt; Ebike Rental","isPartOf":{"@id":"https:\/\/ebikerental.ro\/#website"},"datePublished":"2020-01-11T11:30:50+00:00","dateModified":"2024-09-09T13:41:53+00:00","breadcrumb":{"@id":"https:\/\/ebikerental.ro\/gdpr\/#breadcrumb"},"inLanguage":"en-US","potentialAction":[{"@type":"ReadAction","target":["https:\/\/ebikerental.ro\/gdpr\/"]}]},{"@type":"BreadcrumbList","@id":"https:\/\/ebikerental.ro\/gdpr\/#breadcrumb","itemListElement":[{"@type":"ListItem","position":1,"name":"Prima pagin\u0103","item":"https:\/\/ebikerental.ro\/"},{"@type":"ListItem","position":2,"name":"GDPR"}]}]}},"_links":{"self":[{"href":"https:\/\/ebikerental.ro\/en\/wp-json\/wp\/v2\/pages\/1277"}],"collection":[{"href":"https:\/\/ebikerental.ro\/en\/wp-json\/wp\/v2\/pages"}],"about":[{"href":"https:\/\/ebikerental.ro\/en\/wp-json\/wp\/v2\/types\/page"}],"author":[{"embeddable":true,"href":"https:\/\/ebikerental.ro\/en\/wp-json\/wp\/v2\/users\/1"}],"replies":[{"embeddable":true,"href":"https:\/\/ebikerental.ro\/en\/wp-json\/wp\/v2\/comments?post=1277"}],"version-history":[{"count":4,"href":"https:\/\/ebikerental.ro\/en\/wp-json\/wp\/v2\/pages\/1277\/revisions"}],"predecessor-version":[{"id":1544,"href":"https:\/\/ebikerental.ro\/en\/wp-json\/wp\/v2\/pages\/1277\/revisions\/1544"}],"wp:attachment":[{"href":"https:\/\/ebikerental.ro\/en\/wp-json\/wp\/v2\/media?parent=1277"}],"curies":[{"name":"wp","href":"https:\/\/api.w.org\/{rel}","templated":true}]}}